{"id":2723,"date":"2022-03-03T17:33:35","date_gmt":"2022-03-03T17:33:35","guid":{"rendered":"https:\/\/ukraina.kolping.pl\/?page_id=2723"},"modified":"2024-01-18T14:54:28","modified_gmt":"2024-01-18T14:54:28","slug":"nasi-darczyncy","status":"publish","type":"page","link":"https:\/\/ukraina.kolping.pl\/index.php\/nasi-darczyncy\/","title":{"rendered":"Nasi Darczy\u0144cy"},"content":{"rendered":"\n<figure class=\"wp-block-image size-large\"><img loading=\"lazy\" decoding=\"async\" width=\"1024\" height=\"629\" src=\"https:\/\/ukraina.kolping.pl\/wp-content\/uploads\/2023\/02\/332354223_905430080878786_4057575734274278594_n-1024x629.jpg\" alt=\"\" class=\"wp-image-3634\" srcset=\"https:\/\/ukraina.kolping.pl\/wp-content\/uploads\/2023\/02\/332354223_905430080878786_4057575734274278594_n-1024x629.jpg 1024w, https:\/\/ukraina.kolping.pl\/wp-content\/uploads\/2023\/02\/332354223_905430080878786_4057575734274278594_n-300x184.jpg 300w, https:\/\/ukraina.kolping.pl\/wp-content\/uploads\/2023\/02\/332354223_905430080878786_4057575734274278594_n-768x471.jpg 768w, https:\/\/ukraina.kolping.pl\/wp-content\/uploads\/2023\/02\/332354223_905430080878786_4057575734274278594_n-1536x943.jpg 1536w, https:\/\/ukraina.kolping.pl\/wp-content\/uploads\/2023\/02\/332354223_905430080878786_4057575734274278594_n.jpg 2048w\" sizes=\"auto, (max-width: 1024px) 100vw, 1024px\" \/><\/figure>\n\n\n\n<h2 class=\"wp-block-heading has-pale-cyan-blue-background-color has-background\">Serdecznie dzi\u0119kujemy wszystkim Darczy\u0144com za wsparcie akcji Solidarni z Ukrain\u0105. Niech dobro do Was powr\u00f3ci ze zdwojon\u0105 si\u0142\u0105!<\/h2>\n\n\n\n<h2 class=\"wp-block-heading has-text-align-center\"><strong>Dotychczas wsparli nas:<\/strong><\/h2>\n\n\n\n<p>.<\/p>\n\n\n\n<div class=\"wp-block-group\"><div class=\"wp-block-group__inner-container is-layout-constrained wp-block-group-is-layout-constrained\">\n<div class=\"wp-block-columns is-layout-flex wp-container-core-columns-is-layout-9d6595d7 wp-block-columns-is-layout-flex\">\n<div class=\"wp-block-column is-layout-flow wp-block-column-is-layout-flow\" style=\"flex-basis:100%\">\n<div class=\"wp-block-group\"><div class=\"wp-block-group__inner-container is-layout-constrained wp-block-group-is-layout-constrained\">\n<div class=\"wp-block-columns is-layout-flex wp-container-core-columns-is-layout-9d6595d7 wp-block-columns-is-layout-flex\">\n<div class=\"wp-block-column has-black-color has-pale-cyan-blue-background-color has-text-color has-background is-layout-flow wp-block-column-is-layout-flow\">\n<h2 class=\"wp-block-heading has-text-align-center\">WP\u0141ATY<\/h2>\n<\/div>\n\n\n\n<div class=\"wp-block-column has-black-color has-pale-cyan-blue-background-color has-text-color has-background is-layout-flow wp-block-column-is-layout-flow\">\n<h2 class=\"wp-block-heading has-text-align-center\">DARY RZECZOWE<\/h2>\n<\/div>\n<\/div>\n<\/div><\/div>\n<\/div>\n<\/div>\n<\/div><\/div>\n\n\n\n<div class=\"wp-block-columns is-layout-flex wp-container-core-columns-is-layout-9d6595d7 wp-block-columns-is-layout-flex\">\n<div class=\"wp-block-column is-layout-flow wp-block-column-is-layout-flow\">\n<ul class=\"wp-block-list\">\n<li>Renata, Krak\u00f3w<\/li>\n\n\n\n<li>Gra\u017cyna, Bochnia<\/li>\n\n\n\n<li>Reinhard, Germany<\/li>\n\n\n\n<li>Elke, Germany<\/li>\n\n\n\n<li>El\u017cbieta, G\u0142\u0119boka<\/li>\n\n\n\n<li>Michael, Germany<\/li>\n\n\n\n<li>Tomasz i El\u017cbieta, Krak\u00f3w<\/li>\n\n\n\n<li>Tobiasz, Krak\u00f3w<\/li>\n\n\n\n<li>Krystyna, Krak\u00f3w<\/li>\n\n\n\n<li>Monika, Krak\u00f3w<\/li>\n\n\n\n<li>Bogumi\u0142a, Krak\u00f3w<\/li>\n\n\n\n<li>Marcin, Krak\u00f3w<\/li>\n\n\n\n<li>Jagoda, Krak\u00f3w<\/li>\n\n\n\n<li>Maria, Krak\u00f3w<\/li>\n\n\n\n<li>Martin, Germany<\/li>\n\n\n\n<li>Paulina, Por\u0105bka Uszewska<\/li>\n\n\n\n<li>Justyna, Krak\u00f3w<\/li>\n\n\n\n<li>Andreas, Mechthild, Germany<\/li>\n\n\n\n<li>Francisco, Spain<\/li>\n\n\n\n<li>Zawodnicy I Dru\u017cyny RKS Garbarnia<\/li>\n\n\n\n<li>Rodzina Kolpinga Krak\u00f3w &#8211; Nowy Bie\u017can\u00f3w i Ch\u00f3r Familia<\/li>\n\n\n\n<li>Katarzyna, Krak\u00f3w<\/li>\n\n\n\n<li>Reinhard, Germany<\/li>\n\n\n\n<li>Adolfina, Zabrze<\/li>\n\n\n\n<li>Rozalia i Kazimierz, Bochnia<\/li>\n\n\n\n<li>Herbert, Germany<\/li>\n\n\n\n<li>Oscar, Italy<\/li>\n\n\n\n<li>Magdalena, Katowice<\/li>\n\n\n\n<li>Magdalena i Volker, Germany<\/li>\n\n\n\n<li>Gra\u017cyna, Bochnia<\/li>\n\n\n\n<li>Anna, Krak\u00f3w<\/li>\n\n\n\n<li>Ewa, Zabrze<\/li>\n\n\n\n<li>Stefan, Germany<\/li>\n\n\n\n<li>Andreas i Marie, Germany<\/li>\n\n\n\n<li>Kolpingsfamilie Bochum-Linden, Germany<\/li>\n\n\n\n<li>Gertrud, Germany<\/li>\n\n\n\n<li>Ludger, Germany<\/li>\n\n\n\n<li>Magda, Krak\u00f3w<\/li>\n\n\n\n<li>Krzysztof, Krak\u00f3w<\/li>\n\n\n\n<li>Robert, Luborzyca<\/li>\n\n\n\n<li>Justyna, Krak\u00f3w<\/li>\n\n\n\n<li>Monika, Tarn\u00f3w<\/li>\n\n\n\n<li>Marta, Krak\u00f3w<\/li>\n\n\n\n<li>Kolpingowski Klub Seniora, Bochnia<\/li>\n\n\n\n<li>Wies\u0142awa i Kaja, Krak\u00f3w<\/li>\n\n\n\n<li>Kolpingsfamilie Bochum-Linden, Germany<\/li>\n\n\n\n<li>KOLPINGHAUS MULHEIM-ZENTRAL- HEIMAT, Germany<\/li>\n\n\n\n<li>Gabriele, Germany<\/li>\n\n\n\n<li>Johannes, Germany<\/li>\n\n\n\n<li>Eva-Maria, Germany<\/li>\n\n\n\n<li>Herlinde, Germany<\/li>\n\n\n\n<li>Andreas, Christiane, Germany<\/li>\n\n\n\n<li>Mechtild, Reinhard, Germany<\/li>\n\n\n\n<li>Jutta, Germany<\/li>\n\n\n\n<li>Marta, Szczecin<\/li>\n\n\n\n<li>Kolpingowski Klub Seniora w Bochni<\/li>\n\n\n\n<li>Elzbieta, Germany<\/li>\n\n\n\n<li>KOLPINGHAUS MULHEIM-ZENTRAL- HEIMATERDE, Germany<\/li>\n\n\n\n<li>Hans, Marianne, Germany<\/li>\n\n\n\n<li>Kolpinghaus Mulheim Zentral Heimaterde, Germany<\/li>\n\n\n\n<li>Dorothea, Germany<\/li>\n\n\n\n<li>LIETUVOS KOLPINGO FONDAS, Lithuania<\/li>\n\n\n\n<li>Claudius, Silke, Germany<\/li>\n\n\n\n<li>Kolpingwerk Bezirksverband Mulheim, Germany<\/li>\n\n\n\n<li>Michaela, Germany<\/li>\n\n\n\n<li>Magdalena, Krak\u00f3w<\/li>\n\n\n\n<li>Karol, Polska<\/li>\n\n\n\n<li>J\u00f3zef, Krak\u00f3w<\/li>\n\n\n\n<li>Reinhard, Germany<\/li>\n\n\n\n<li>Andreas, Mehtild, Germany<\/li>\n\n\n\n<li>Francisco, Spain<\/li>\n\n\n\n<li>Arkadiusz, Mi\u0119dzyzdroje<\/li>\n\n\n\n<li>Paulina, Por\u0105bka Uszewska<\/li>\n\n\n\n<li>Gra\u017cyna, Bochnia<\/li>\n\n\n\n<li>Renata, Krak\u00f3w<\/li>\n\n\n\n<li>Mateusz, Mas\u0142omi\u0105ca<\/li>\n\n\n\n<li>LIETUVOS KOLPINGO FONDAS, Lithuania<\/li>\n\n\n\n<li>Kolpingsfamilie Bochum-Linden<\/li>\n\n\n\n<li>Kolpinghaus Essen, Borbeck<\/li>\n\n\n\n<li>Andreas, Mechthild, Germany<\/li>\n\n\n\n<li>Kolpingwerk- Dioezesanverband Essen<\/li>\n\n\n\n<li>Gra\u017cyna, Bochnia<\/li>\n\n\n\n<li>Lucyna, Krak\u00f3w<\/li>\n\n\n\n<li>Reinhard, Germany<\/li>\n\n\n\n<li>El\u017cbieta<\/li>\n\n\n\n<li>Barbara, Krak\u00f3w<\/li>\n\n\n\n<li>Gra\u017cyna , Bochnia<\/li>\n\n\n\n<li>Andrzej, Polska<\/li>\n\n\n\n<li>Micha\u0142, Polska<\/li>\n\n\n\n<li>Kolpingsfamile Bochum &#8211; Linden<\/li>\n\n\n\n<li>Gra\u017cyna, Bochnia,<\/li>\n\n\n\n<li>Reinhard, Germany<\/li>\n\n\n\n<li>Paulina, Por\u0105bka Uszewska<\/li>\n\n\n\n<li>Barbara, Krak\u00f3w<\/li>\n\n\n\n<li>Andreas, Mechthild, Germany<\/li>\n\n\n\n<li>Gra\u017cyna, Bochnia,<\/li>\n\n\n\n<li>Reinhard, Germany<\/li>\n\n\n\n<li>Rodzina Kolpinga w Wadowicach,<\/li>\n\n\n\n<li>Mariusz, Wadowice<\/li>\n\n\n\n<li>Gra\u017cyna, Bochnia<\/li>\n\n\n\n<li>J\u00f3zef, O\u015bwi\u0119cim<\/li>\n\n\n\n<li>Gra\u017cyna Bochnia<\/li>\n\n\n\n<li>Reinhard, Germany<\/li>\n\n\n\n<li>Gra\u017cyna Bochnia,<\/li>\n\n\n\n<li>J\u00f3zef, O\u015bwi\u0119cim<\/li>\n\n\n\n<li>&nbsp;Szczepan, Sobol\u00f3w<\/li>\n\n\n\n<li>Paulina, Por\u0105bka Uszewska<\/li>\n\n\n\n<li>Gra\u017cyna, Bochnia<\/li>\n\n\n\n<li>LIETUVOS KOLPINGO FONDAS, Lithuania<\/li>\n\n\n\n<li>Andreas, Mechthild, Germany<\/li>\n\n\n\n<li>Wojciech, Krak\u00f3w<\/li>\n\n\n\n<li>Rodzina Kolpinga w Bochni \u2013 pracownicy<\/li>\n\n\n\n<li>Reinhard, Germany<\/li>\n\n\n\n<li>Karol, Polska<\/li>\n\n\n\n<li>Jerzy, Krak\u00f3w,<\/li>\n\n\n\n<li>Wioletta, Polska<\/li>\n\n\n\n<li>Gra\u017cyna, Bochnia<\/li>\n\n\n\n<li>J\u00f3zef, O\u015bwi\u0119cim<\/li>\n\n\n\n<li>Rodzina Kolpinga w Bochni-pracownicy<\/li>\n<\/ul>\n\n\n\n<h2 class=\"wp-block-heading\"><\/h2>\n<\/div>\n\n\n\n<div class=\"wp-block-column is-layout-flow wp-block-column-is-layout-flow\">\n<ul class=\"wp-block-list\">\n<li>Stowarzyszenie Rodzina Kolpinga &#8222;Jeden \u015awiat&#8221;<\/li>\n\n\n\n<li>p. Jerzy, Sydney <\/li>\n\n\n\n<li>Rodzina Kolpinga w Makowie Podhala\u0144skim <\/li>\n\n\n\n<li>Rodzina Kolpinga w Luborzycy  <\/li>\n\n\n\n<li>p. Gabriela Szczepka, <\/li>\n\n\n\n<li>p. Agnieszka S\u0142omi\u0144ska <\/li>\n\n\n\n<li>Rodzina Kolpinga Klub Celtycki <\/li>\n\n\n\n<li>Zbi\u00f3rka podczas OZZ <\/li>\n\n\n\n<li>Joanna Kordys &#8211; Szko\u0142a Podstawowa w Pruszczu<\/li>\n\n\n\n<li>Szko\u0142a Podstawowa nr 16 w Jaworznie <\/li>\n\n\n\n<li>Szko\u0142a Podstawowa nr 153 w Krakowie <\/li>\n\n\n\n<li>Rodzina Kolpinga w O\u015bwi\u0119cimiu<\/li>\n\n\n\n<li>Rodzina Kolpinga Krak\u00f3w &#8211; Nowy Bie\u017can\u00f3w <\/li>\n\n\n\n<li>Szko\u0142a Podstawowa nr 33 w Krakowie <\/li>\n\n\n\n<li>Sklep militarny MORO z Krakowa <\/li>\n\n\n\n<li>Rodzina Kolpinga Por\u0119ba \u017begoty <\/li>\n\n\n\n<li>Da Vinci &#8211; Szko\u0142a w Krakowie <\/li>\n\n\n\n<li>Szko\u0142a Podstawowa nr 88 w Krakowie <\/li>\n\n\n\n<li>Garbarnia &#8211; Klub sportowy <\/li>\n\n\n\n<li>Rodzina Kolpinga w Lipnicy Ma\u0142ej&nbsp; <\/li>\n\n\n\n<li>Stowarzyszenie Siemacha <\/li>\n\n\n\n<li>Akcja Plecaczek &#8211; Krak\u00f3w p. Anna Majewska <\/li>\n\n\n\n<li>Sklep militarny MORO z Krakowa <\/li>\n\n\n\n<li>Rodzina Kolpinga Werpeloh&nbsp;&nbsp; <\/li>\n\n\n\n<li>RK Guentersleben <\/li>\n\n\n\n<li>Harcerze ZHR&nbsp; <\/li>\n\n\n\n<li>Firma KOROLO <\/li>\n\n\n\n<li>Pani Beata Celej z Zatora &#8211; firma Mommy Mouse &#8211; Pieluszki wielorazowe&nbsp; <\/li>\n\n\n\n<li>Esovio sklep medyczny <\/li>\n\n\n\n<li>Darczy\u0144cy z Danii (Danni i Rasmus) <\/li>\n\n\n\n<li> Kolping-Bildungszentren im Landkreis &nbsp;Neustadt a. d. Aisch &#8211; Bad Windsheim<\/li>\n\n\n\n<li>Rodzina Kolpinga Poessneck &#8211; Mirko Jeziorowsky <\/li>\n\n\n\n<li>Sklep Harcerski WATRA <\/li>\n\n\n\n<li>Magazyn miejski Nowa Huta <\/li>\n\n\n\n<li>Marcin Szyd\u0142o<\/li>\n<\/ul>\n\n\n\n<h2 class=\"wp-block-heading has-text-align-center has-black-color has-pale-cyan-blue-background-color has-text-color has-background\">DOTACJE<\/h2>\n\n\n\n<div class=\"wp-block-columns is-layout-flex wp-container-core-columns-is-layout-9d6595d7 wp-block-columns-is-layout-flex\">\n<div class=\"wp-block-column is-layout-flow wp-block-column-is-layout-flow\">\n<p class=\"has-text-align-center\"><a href=\"https:\/\/www.caritas.de\/\" data-type=\"URL\" data-id=\"https:\/\/www.caritas.de\/\" target=\"_blank\" rel=\"noreferrer noopener\">CARITAS DEUTSCHLAND<\/a><\/p>\n\n\n<div class=\"wp-block-image\">\n<figure class=\"aligncenter size-full\"><img loading=\"lazy\" decoding=\"async\" width=\"95\" height=\"125\" src=\"https:\/\/ukraina.kolping.pl\/wp-content\/uploads\/2023\/02\/266362194_20113009171120_65x0_NotSet_0_0-1.png\" alt=\"\" class=\"wp-image-3654\"\/><\/figure>\n<\/div><\/div>\n<\/div>\n\n\n\n<p class=\"has-text-align-center\"><\/p>\n\n\n\n<p class=\"has-text-align-center\"><a href=\"https:\/\/www.kolping.net\/\" data-type=\"URL\" data-id=\"https:\/\/www.kolping.net\/\" target=\"_blank\" rel=\"noreferrer noopener\">KOLPING INTERNATIONAL<\/a><\/p>\n\n\n<div class=\"wp-block-image\">\n<figure class=\"alignleft size-large\"><img loading=\"lazy\" decoding=\"async\" width=\"1024\" height=\"350\" src=\"https:\/\/ukraina.kolping.pl\/wp-content\/uploads\/2023\/02\/logo_neu-1024x350.jpg\" alt=\"\" class=\"wp-image-3655\" srcset=\"https:\/\/ukraina.kolping.pl\/wp-content\/uploads\/2023\/02\/logo_neu-1024x350.jpg 1024w, https:\/\/ukraina.kolping.pl\/wp-content\/uploads\/2023\/02\/logo_neu-300x103.jpg 300w, https:\/\/ukraina.kolping.pl\/wp-content\/uploads\/2023\/02\/logo_neu-768x263.jpg 768w, https:\/\/ukraina.kolping.pl\/wp-content\/uploads\/2023\/02\/logo_neu.jpg 1378w\" sizes=\"auto, (max-width: 1024px) 100vw, 1024px\" \/><\/figure>\n<\/div>\n\n\n<p><\/p>\n\n\n\n<p><a href=\"https:\/\/aktywniobywatele-regionalny.org.pl\/\">PROGRAM AKTYWNI OBYWATELE &#8211; FUNDUSZ REGIONALNY<\/a><\/p>\n\n\n<div class=\"wp-block-image\">\n<figure class=\"aligncenter size-full\"><img loading=\"lazy\" decoding=\"async\" width=\"344\" height=\"146\" src=\"https:\/\/ukraina.kolping.pl\/wp-content\/uploads\/2024\/01\/pobrane-1.png\" alt=\"\" class=\"wp-image-3947\" srcset=\"https:\/\/ukraina.kolping.pl\/wp-content\/uploads\/2024\/01\/pobrane-1.png 344w, https:\/\/ukraina.kolping.pl\/wp-content\/uploads\/2024\/01\/pobrane-1-300x127.png 300w\" sizes=\"auto, (max-width: 344px) 100vw, 344px\" \/><\/figure>\n<\/div>\n\n\n<p><\/p>\n\n\n\n<p><\/p>\n\n\n\n<p><\/p>\n\n\n\n<p><\/p>\n\n\n\n<figure class=\"wp-block-image size-large\"><img loading=\"lazy\" decoding=\"async\" width=\"1024\" height=\"728\" src=\"https:\/\/ukraina.kolping.pl\/wp-content\/uploads\/2023\/02\/dzieki-1024x728.png\" alt=\"\" class=\"wp-image-3671\" srcset=\"https:\/\/ukraina.kolping.pl\/wp-content\/uploads\/2023\/02\/dzieki-1024x728.png 1024w, https:\/\/ukraina.kolping.pl\/wp-content\/uploads\/2023\/02\/dzieki-300x213.png 300w, https:\/\/ukraina.kolping.pl\/wp-content\/uploads\/2023\/02\/dzieki-768x546.png 768w, https:\/\/ukraina.kolping.pl\/wp-content\/uploads\/2023\/02\/dzieki.png 1193w\" sizes=\"auto, (max-width: 1024px) 100vw, 1024px\" \/><\/figure>\n<\/div>\n<\/div>\n\n\n\n<p><\/p>\n","protected":false},"excerpt":{"rendered":"<p>Serdecznie dzi\u0119kujemy wszystkim Darczy\u0144com za wsparcie akcji Solidarni z Ukrain\u0105. Niech dobro do Was powr\u00f3ci ze zdwojon\u0105 si\u0142\u0105! Dotychczas wsparli nas: . WP\u0141ATY DARY RZECZOWE DOTACJE CARITAS DEUTSCHLAND KOLPING INTERNATIONAL &#8230;<\/p>\n","protected":false},"author":3,"featured_media":0,"parent":0,"menu_order":0,"comment_status":"closed","ping_status":"closed","template":"template-fullwidth.php","meta":{"give_campaign_id":0,"footnotes":""},"class_list":["post-2723","page","type-page","status-publish","hentry"],"campaignId":"","_links":{"self":[{"href":"https:\/\/ukraina.kolping.pl\/index.php\/wp-json\/wp\/v2\/pages\/2723","targetHints":{"allow":["GET"]}}],"collection":[{"href":"https:\/\/ukraina.kolping.pl\/index.php\/wp-json\/wp\/v2\/pages"}],"about":[{"href":"https:\/\/ukraina.kolping.pl\/index.php\/wp-json\/wp\/v2\/types\/page"}],"author":[{"embeddable":true,"href":"https:\/\/ukraina.kolping.pl\/index.php\/wp-json\/wp\/v2\/users\/3"}],"replies":[{"embeddable":true,"href":"https:\/\/ukraina.kolping.pl\/index.php\/wp-json\/wp\/v2\/comments?post=2723"}],"version-history":[{"count":46,"href":"https:\/\/ukraina.kolping.pl\/index.php\/wp-json\/wp\/v2\/pages\/2723\/revisions"}],"predecessor-version":[{"id":3952,"href":"https:\/\/ukraina.kolping.pl\/index.php\/wp-json\/wp\/v2\/pages\/2723\/revisions\/3952"}],"wp:attachment":[{"href":"https:\/\/ukraina.kolping.pl\/index.php\/wp-json\/wp\/v2\/media?parent=2723"}],"curies":[{"name":"wp","href":"https:\/\/api.w.org\/{rel}","templated":true}]}}