{"id":2644,"date":"2022-03-02T16:12:59","date_gmt":"2022-03-02T16:12:59","guid":{"rendered":"https:\/\/ukraina.kolping.pl\/?page_id=2644"},"modified":"2023-03-20T20:10:07","modified_gmt":"2023-03-20T20:10:07","slug":"english","status":"publish","type":"page","link":"https:\/\/ukraina.kolping.pl\/index.php\/english\/","title":{"rendered":"English"},"content":{"rendered":"\n<figure class=\"wp-block-gallery aligncenter has-nested-images columns-default is-cropped wp-block-gallery-1 is-layout-flex wp-block-gallery-is-layout-flex\">\n<figure class=\"wp-block-image size-full\"><img loading=\"lazy\" decoding=\"async\" width=\"874\" height=\"580\" data-id=\"3546\" src=\"https:\/\/ukraina.kolping.pl\/wp-content\/uploads\/2022\/12\/ukraina2-2.jpg\" alt=\"\" class=\"wp-image-3546\" srcset=\"https:\/\/ukraina.kolping.pl\/wp-content\/uploads\/2022\/12\/ukraina2-2.jpg 874w, https:\/\/ukraina.kolping.pl\/wp-content\/uploads\/2022\/12\/ukraina2-2-300x199.jpg 300w, https:\/\/ukraina.kolping.pl\/wp-content\/uploads\/2022\/12\/ukraina2-2-768x510.jpg 768w\" sizes=\"auto, (max-width: 874px) 100vw, 874px\" \/><\/figure>\n\n\n\n<figure class=\"wp-block-image size-full\"><img loading=\"lazy\" decoding=\"async\" width=\"1053\" height=\"709\" data-id=\"3540\" src=\"https:\/\/ukraina.kolping.pl\/wp-content\/uploads\/2022\/12\/ukraina-2.jpg\" alt=\"\" class=\"wp-image-3540\" srcset=\"https:\/\/ukraina.kolping.pl\/wp-content\/uploads\/2022\/12\/ukraina-2.jpg 1053w, https:\/\/ukraina.kolping.pl\/wp-content\/uploads\/2022\/12\/ukraina-2-300x202.jpg 300w, https:\/\/ukraina.kolping.pl\/wp-content\/uploads\/2022\/12\/ukraina-2-1024x689.jpg 1024w, https:\/\/ukraina.kolping.pl\/wp-content\/uploads\/2022\/12\/ukraina-2-768x517.jpg 768w\" sizes=\"auto, (max-width: 1053px) 100vw, 1053px\" \/><\/figure>\n<\/figure>\n\n\n\n<p>\u201cSolidarity with Ukraine\u201d is money collection, supporting refugees from Ukraine, provided by Kolping Foundation in Poland.<\/p>\n\n\n\n<p>Poland is the first country where Ukrainians run away from the war tired, hungry, cold, terrorized, looking for a safe shelter for themselves, their children, the elderlies and the disabled people.<\/p>\n\n\n\n<p>Kolping Foundation in Poland took up the challenge of humanitarian aid for refugees. As part of the \u201cSolidarity with Ukraine\u201d campaign:<\/p>\n\n\n\n<p><strong>In POLAND<\/strong><\/p>\n\n\n\n<ul class=\"wp-block-list\">\n<li>we organize transports from the border to first destinations in Poland,<\/li>\n\n\n\n<li>we provide accommodation in our Kolping House in Luborzyca, where we provide rooms with bathrooms, alimentation, shared kitchen and laundry room<\/li>\n\n\n\n<li>we organize translation support, psychological care and all possible help so that refugees organize their lives anew<\/li>\n<\/ul>\n\n\n\n<p><strong>In UKRAINE<\/strong><\/p>\n\n\n\n<ul class=\"wp-block-list\">\n<li>we organize humanitarian aid transport of the most necessary things and financial aid for the Kolping Society in Ukraine, which helps people injured in the war on the spot in Ukraine in Chernivtsi and Lviv.<\/li>\n<\/ul>\n\n\n\n<p>We kindly ask everyone who wants to help and give refugees from Ukraine a sense of security to make payments which will allow us to provide our charges with accommodation, food, transport, medical items and necessary help.<\/p>\n\n\n\n<p class=\"has-text-align-center\"><strong>DONATE NOW:<\/strong><\/p>\n\n\n\n<p class=\"has-text-align-center\"><strong>Account in PLN: 90 1050 1445 1000 0090 8058 436<\/strong>1<\/p>\n\n\n\n<p class=\"has-text-align-center\"><strong>Account in EUR: PL71 1050 1445 1000 0023 6832 1473<\/strong><\/p>\n\n\n\n<p class=\"has-text-align-center\"><strong>FUNDACJA DZIE\u0141A KOLPINGA W POLSCE<\/strong><\/p>\n\n\n\n<p class=\"has-text-align-center\"><strong>ul. \u017bu\u0142owska 51, 31-436 Krak\u00f3w<\/strong><\/p>\n\n\n\n<p>Kolping Ukraine activities during war (eng. subtitles):<\/p>\n\n\n\n<figure class=\"wp-block-embed is-type-video is-provider-youtube wp-block-embed-youtube wp-embed-aspect-16-9 wp-has-aspect-ratio\"><div class=\"wp-block-embed__wrapper\">\n<iframe loading=\"lazy\" title=\"More than 400 free meals a day for Ukrainian refugees. Power of Ukrainian volonteers.ENG subs\" width=\"800\" height=\"450\" src=\"https:\/\/www.youtube.com\/embed\/AJFlebrJRl4?feature=oembed\" frameborder=\"0\" allow=\"accelerometer; autoplay; clipboard-write; encrypted-media; gyroscope; picture-in-picture\" allowfullscreen><\/iframe>\n<\/div><\/figure>\n\n\n\n<p><\/p>\n\n\n\n<p>Kolping Ukraine activities before 24th February 2022:<\/p>\n\n\n\n<figure class=\"wp-block-embed is-type-video is-provider-youtube wp-block-embed-youtube wp-embed-aspect-16-9 wp-has-aspect-ratio\"><div class=\"wp-block-embed__wrapper\">\n<iframe loading=\"lazy\" title=\"Kolping Ukraine - with english subtitles\" width=\"800\" height=\"450\" src=\"https:\/\/www.youtube.com\/embed\/H6aAt8lbgTc?feature=oembed\" frameborder=\"0\" allow=\"accelerometer; autoplay; clipboard-write; encrypted-media; gyroscope; picture-in-picture\" allowfullscreen><\/iframe>\n<\/div><\/figure>\n","protected":false},"excerpt":{"rendered":"<p>\u201cSolidarity with Ukraine\u201d is money collection, supporting refugees from Ukraine, provided by Kolping Foundation in Poland. Poland is the first country where Ukrainians run away from the war tired, hungry, &#8230;<\/p>\n","protected":false},"author":3,"featured_media":0,"parent":0,"menu_order":0,"comment_status":"closed","ping_status":"closed","template":"template-fullwidth.php","meta":{"give_campaign_id":0,"footnotes":""},"class_list":["post-2644","page","type-page","status-publish","hentry"],"campaignId":"","_links":{"self":[{"href":"https:\/\/ukraina.kolping.pl\/index.php\/wp-json\/wp\/v2\/pages\/2644","targetHints":{"allow":["GET"]}}],"collection":[{"href":"https:\/\/ukraina.kolping.pl\/index.php\/wp-json\/wp\/v2\/pages"}],"about":[{"href":"https:\/\/ukraina.kolping.pl\/index.php\/wp-json\/wp\/v2\/types\/page"}],"author":[{"embeddable":true,"href":"https:\/\/ukraina.kolping.pl\/index.php\/wp-json\/wp\/v2\/users\/3"}],"replies":[{"embeddable":true,"href":"https:\/\/ukraina.kolping.pl\/index.php\/wp-json\/wp\/v2\/comments?post=2644"}],"version-history":[{"count":10,"href":"https:\/\/ukraina.kolping.pl\/index.php\/wp-json\/wp\/v2\/pages\/2644\/revisions"}],"predecessor-version":[{"id":3701,"href":"https:\/\/ukraina.kolping.pl\/index.php\/wp-json\/wp\/v2\/pages\/2644\/revisions\/3701"}],"wp:attachment":[{"href":"https:\/\/ukraina.kolping.pl\/index.php\/wp-json\/wp\/v2\/media?parent=2644"}],"curies":[{"name":"wp","href":"https:\/\/api.w.org\/{rel}","templated":true}]}}