{"id":2135,"date":"2020-06-30T17:15:13","date_gmt":"2020-06-30T17:15:13","guid":{"rendered":"https:\/\/honduras.kolping.pl\/?page_id=2135"},"modified":"2023-03-20T20:11:33","modified_gmt":"2023-03-20T20:11:33","slug":"deutsch","status":"publish","type":"page","link":"https:\/\/ukraina.kolping.pl\/index.php\/deutsch\/","title":{"rendered":"Deutsch"},"content":{"rendered":"<div class=\"wp-block-image\">\n<figure class=\"aligncenter size-large\"><img loading=\"lazy\" decoding=\"async\" width=\"1024\" height=\"629\" src=\"https:\/\/ukraina.kolping.pl\/wp-content\/uploads\/2023\/02\/332354223_905430080878786_4057575734274278594_n-1024x629.jpg\" alt=\"\" class=\"wp-image-3634\" srcset=\"https:\/\/ukraina.kolping.pl\/wp-content\/uploads\/2023\/02\/332354223_905430080878786_4057575734274278594_n-1024x629.jpg 1024w, https:\/\/ukraina.kolping.pl\/wp-content\/uploads\/2023\/02\/332354223_905430080878786_4057575734274278594_n-300x184.jpg 300w, https:\/\/ukraina.kolping.pl\/wp-content\/uploads\/2023\/02\/332354223_905430080878786_4057575734274278594_n-768x471.jpg 768w, https:\/\/ukraina.kolping.pl\/wp-content\/uploads\/2023\/02\/332354223_905430080878786_4057575734274278594_n-1536x943.jpg 1536w, https:\/\/ukraina.kolping.pl\/wp-content\/uploads\/2023\/02\/332354223_905430080878786_4057575734274278594_n.jpg 2048w\" sizes=\"auto, (max-width: 1024px) 100vw, 1024px\" \/><\/figure>\n<\/div>\n\n\n<p><\/p>\n\n\n\n<h2 class=\"wp-block-heading\"><strong>SOLIDARISCH MIT DER UKRAINE<\/strong><\/h2>\n\n\n\n<p>Polen ist das erste Land, wo die Ukrainer \u2013 m\u00fcde, hungrig, gek\u00fchlt &#8211; eine sichere Zuflucht vor dem Krieg f\u00fcr sich selbst, ihre Kinder, \u00e4ltere und behinderte Personen suchen.<\/p>\n\n\n\n<p>Kolpingwerk Polen hat sofort die Herausforderung angenommen, die humanit\u00e4re Hilfe f\u00fcr die Gefl\u00fcchteten aus der Ukraine zu organisieren.<\/p>\n\n\n\n<p>Im Rahmen der Aktion \u201eSolidarisch mit der Ukraine\u201c leisten wir folgende Hilfe:<\/p>\n\n\n\n<p>In POLEN:<\/p>\n\n\n\n<ul class=\"wp-block-list\">\n<li>wir organisieren f\u00fcr die Gefl\u00fcchteten den Transport von der Grenze zu den Zielorten in Polen<\/li>\n\n\n\n<li>wir bieten in unserem Kolpinghaus in Luborzyca die Unterkunft in Zimmer mit Bad, Gemeinschaftsk\u00fcche und W\u00e4scherei an<\/li>\n\n\n\n<li>wir organisieren Mahlzeiten<\/li>\n\n\n\n<li>wir organisieren \u00dcbersetzungshilfe, psychologische Betreuung und jede andere Hilfe, damit die Fl\u00fcchtlinge ihr Leben neu organisieren k\u00f6nnen<\/li>\n<\/ul>\n\n\n\n<p>In die UKRAINE<\/p>\n\n\n\n<ul class=\"wp-block-list\">\n<li>wir organisieren humanit\u00e4re Hilfstransporte mit den n\u00f6tigsten Sachen;<\/li>\n\n\n\n<li>wir sammeln finanzielle Mittel f\u00fcr das Kolpingwerk in der Ukraine, das den Kriegsverletzten vor Ort in der Ukraine hilft, haupts\u00e4chlich in Lemberg und Czernowitz<\/li>\n<\/ul>\n\n\n\n<p>Wir bitten um Spenden alle, die den Menschen aus der Ukraine ein Gef\u00fchl der Sicherheit geben wollen. Die Spenden erm\u00f6glichen uns, die Unterkunft, Verpflegung, medizinische Versorgung und alle Hilfe f\u00fcr die Fl\u00fcchtlinge zu sichern!<\/p>\n\n\n\n<p class=\"has-text-align-center\"><strong>SPENDE JETZT<\/strong><\/p>\n\n\n\n<p class=\"has-text-align-center\"><strong>Konto in EUR: PL71 1050 1445 1000 0023 6832 1473<\/strong><\/p>\n\n\n\n<p class=\"has-text-align-center\"><strong>Konto in PLN: 90 1050 1445 1000 0090 8058 4361<\/strong><\/p>\n\n\n\n<p class=\"has-text-align-center\"><strong>Fundacja Dzie\u0142a Kolpinga w Polsce<\/strong><\/p>\n\n\n\n<p class=\"has-text-align-center\"><strong>ul. \u017bu\u0142owska 51, 31-436 Krak\u00f3w<\/strong><\/p>\n\n\n\n<figure class=\"wp-block-embed is-type-video is-provider-youtube wp-block-embed-youtube wp-embed-aspect-16-9 wp-has-aspect-ratio\"><div class=\"wp-block-embed__wrapper\">\n<iframe loading=\"lazy\" title=\"KOLPINGWERK POLEN - Solidarisch mit der Ukraine\" width=\"800\" height=\"450\" src=\"https:\/\/www.youtube.com\/embed\/CNh9iUJ3sFc?feature=oembed\" frameborder=\"0\" allow=\"accelerometer; autoplay; clipboard-write; encrypted-media; gyroscope; picture-in-picture; web-share\" allowfullscreen><\/iframe>\n<\/div><\/figure>\n\n\n\n<p><\/p>\n\n\n\n<p class=\"has-black-color has-pale-cyan-blue-background-color has-text-color has-background\">DOMRADIO.DE:  Kolping Polen leistet der Ukraine seit einem Jahr Nothilfe<\/p>\n\n\n\n<p>23.02.2023&nbsp;Reportage<\/p>\n\n\n\n<div class=\"dmr-responsive-iframe\">\n<p>&nbsp;<\/p>\n<style>.dmr-responsive-iframe { position: relative; padding-bottom: 56.25%; height: 0; overflow: hidden; max-width: 100%;}<br \/>\n.dmr-responsive-iframe iframe { position: absolute; top: 0; left: 0; width: 100%; height: 100%; border: 0; overflow: hidden;}<br \/>\n<\/style><iframe loading=\"lazy\" src=\"https:\/\/www.domradio.de\/video\/kolping-polen-leistet-der-ukraine-seit-einem-jahr-nothilfe?embed=true\" width=\"1100\" height=\"662\" frameborder=\"0\" scrolling=\"\" allowfullscreen=\"allowfullscreen\"><\/iframe><\/div>\n\n\n\n<p>domradio.de &#8211;<a href=\"http:\/\/kolping-polen-leistet-der-ukraine-seit-einem-jahr-nothilfe\" data-type=\"URL\" data-id=\"kolping-polen-leistet-der-ukraine-seit-einem-jahr-nothilfe\" target=\"_blank\" rel=\"noreferrer noopener\"> kolping-polen-leistet-der-ukraine-seit-einem-jahr-nothilfe<\/a><\/p>\n","protected":false},"excerpt":{"rendered":"<p>SOLIDARISCH MIT DER UKRAINE Polen ist das erste Land, wo die Ukrainer \u2013 m\u00fcde, hungrig, gek\u00fchlt &#8211; eine sichere Zuflucht vor dem Krieg f\u00fcr sich selbst, ihre Kinder, \u00e4ltere und &#8230;<\/p>\n","protected":false},"author":3,"featured_media":0,"parent":0,"menu_order":0,"comment_status":"closed","ping_status":"closed","template":"template-fullwidth.php","meta":{"give_campaign_id":0,"footnotes":""},"class_list":["post-2135","page","type-page","status-publish","hentry"],"campaignId":"","_links":{"self":[{"href":"https:\/\/ukraina.kolping.pl\/index.php\/wp-json\/wp\/v2\/pages\/2135","targetHints":{"allow":["GET"]}}],"collection":[{"href":"https:\/\/ukraina.kolping.pl\/index.php\/wp-json\/wp\/v2\/pages"}],"about":[{"href":"https:\/\/ukraina.kolping.pl\/index.php\/wp-json\/wp\/v2\/types\/page"}],"author":[{"embeddable":true,"href":"https:\/\/ukraina.kolping.pl\/index.php\/wp-json\/wp\/v2\/users\/3"}],"replies":[{"embeddable":true,"href":"https:\/\/ukraina.kolping.pl\/index.php\/wp-json\/wp\/v2\/comments?post=2135"}],"version-history":[{"count":26,"href":"https:\/\/ukraina.kolping.pl\/index.php\/wp-json\/wp\/v2\/pages\/2135\/revisions"}],"predecessor-version":[{"id":3702,"href":"https:\/\/ukraina.kolping.pl\/index.php\/wp-json\/wp\/v2\/pages\/2135\/revisions\/3702"}],"wp:attachment":[{"href":"https:\/\/ukraina.kolping.pl\/index.php\/wp-json\/wp\/v2\/media?parent=2135"}],"curies":[{"name":"wp","href":"https:\/\/api.w.org\/{rel}","templated":true}]}}