{"id":1811,"date":"2020-05-12T15:53:44","date_gmt":"2020-05-12T15:53:44","guid":{"rendered":"https:\/\/honduras.kolping.pl\/?page_id=1811"},"modified":"2023-02-24T14:23:50","modified_gmt":"2023-02-24T14:23:50","slug":"kolping-ukraina","status":"publish","type":"page","link":"https:\/\/ukraina.kolping.pl\/index.php\/kolping-ukraina\/","title":{"rendered":"Kolping Ukraina"},"content":{"rendered":"\n<figure class=\"wp-block-gallery has-nested-images columns-default is-cropped wp-block-gallery-1 is-layout-flex wp-block-gallery-is-layout-flex\">\n<figure class=\"wp-block-image size-full\"><img loading=\"lazy\" decoding=\"async\" width=\"1024\" height=\"768\" data-id=\"3258\" src=\"https:\/\/ukraina.kolping.pl\/wp-content\/uploads\/2022\/04\/278363113_7757868957588848_8853786474241896141_n-2-1024x768.jpg\" alt=\"\" class=\"wp-image-3258\" srcset=\"https:\/\/ukraina.kolping.pl\/wp-content\/uploads\/2022\/04\/278363113_7757868957588848_8853786474241896141_n-2-1024x768.jpg 1024w, https:\/\/ukraina.kolping.pl\/wp-content\/uploads\/2022\/04\/278363113_7757868957588848_8853786474241896141_n-2-300x225.jpg 300w, https:\/\/ukraina.kolping.pl\/wp-content\/uploads\/2022\/04\/278363113_7757868957588848_8853786474241896141_n-2-768x576.jpg 768w, https:\/\/ukraina.kolping.pl\/wp-content\/uploads\/2022\/04\/278363113_7757868957588848_8853786474241896141_n-2-1536x1152.jpg 1536w, https:\/\/ukraina.kolping.pl\/wp-content\/uploads\/2022\/04\/278363113_7757868957588848_8853786474241896141_n-2.jpg 1600w\" sizes=\"auto, (max-width: 1024px) 100vw, 1024px\" \/><\/figure>\n\n\n\n<figure class=\"wp-block-image size-full\"><img loading=\"lazy\" decoding=\"async\" width=\"1600\" height=\"738\" data-id=\"3097\" src=\"https:\/\/ukraina.kolping.pl\/wp-content\/uploads\/2022\/03\/277165312_1031512491057105_1265641958992005426_n-1.jpg\" alt=\"\" class=\"wp-image-3097\" srcset=\"https:\/\/ukraina.kolping.pl\/wp-content\/uploads\/2022\/03\/277165312_1031512491057105_1265641958992005426_n-1.jpg 1600w, https:\/\/ukraina.kolping.pl\/wp-content\/uploads\/2022\/03\/277165312_1031512491057105_1265641958992005426_n-1-300x138.jpg 300w, https:\/\/ukraina.kolping.pl\/wp-content\/uploads\/2022\/03\/277165312_1031512491057105_1265641958992005426_n-1-1024x472.jpg 1024w, https:\/\/ukraina.kolping.pl\/wp-content\/uploads\/2022\/03\/277165312_1031512491057105_1265641958992005426_n-1-768x354.jpg 768w, https:\/\/ukraina.kolping.pl\/wp-content\/uploads\/2022\/03\/277165312_1031512491057105_1265641958992005426_n-1-1536x708.jpg 1536w\" sizes=\"auto, (max-width: 1600px) 100vw, 1600px\" \/><\/figure>\n<\/figure>\n\n\n\n<p>Dzie\u0142o Kolpinga na Ukrainie to chrze\u015bcija\u0144sko-spo\u0142eczna organizacja pozarz\u0105dowa. Organizacja powsta\u0142a we wrze\u015bniu 2001 roku; ma 19 oddzia\u0142\u00f3w i 600 cz\u0142onk\u00f3w dzia\u0142aj\u0105cych w 9 obwodach Ukrainy: Czerniowieckim, Iwano-Frankowskim, Lwowskim, Winnickim, Zakarpackim, Tarnopolskim, Dniepropietrowskim, \u017bytomierskim i Wo\u0142y\u0144skim. Przez lata aktywnej dzia\u0142alno\u015bci organizacja rozros\u0142a si\u0119 i w 2015 roku zmieni\u0142a status z regionalnej na og\u00f3lnokrajow\u0105 &#8211; Krajowy Zwi\u0105zek Dzie\u0142a Kolpinga na Ukrainie. <\/p>\n\n\n\n<p>Aktualnie, w czasie wojny Kolping Ukraina aktywnie dzia\u0142a na rzecz ofiar wojny i walcz\u0105cych na froncie.<\/p>\n\n\n\n<p class=\"has-black-color has-luminous-vivid-amber-background-color has-text-color has-background\">Obecnie setki tysi\u0119cy os\u00f3b uciekaj\u0105, przemieszczaj\u0105c si\u0119 przez Ukrain\u0119. Otrzymuj\u0105 oni pomoc od ukrai\u0144skiego Dzie\u0142a Kolpinga. Dyrektor zarz\u0105dzaj\u0105cy organizacji, Vasyl Savka, przebywa w Czerniowcach i koordynuje zakwaterowanie i wy\u017cywienie. Ludzie przyje\u017cd\u017caj\u0105 z r\u00f3\u017cnych zak\u0105tk\u00f3w kraju: z Kijowa, ze wschodu, z Chersonia, z Mariupola. Z miejsc, gdzie obecnie toczy si\u0119 wojna, kt\u00f3re s\u0105 bombardowane, dok\u0105d nadlatuj\u0105 rakiety, gdzie dochodzi do strzelanin&#8230;<\/p>\n\n\n\n<p>Kolping na Ukrainie otwarzy\u0142 punkty, w kt\u00f3rych uchod\u017acy mog\u0105 otrzyma\u0107 gor\u0105cy posi\u0142ek. <\/p>\n\n\n\n<p class=\"has-black-color has-luminous-vivid-amber-background-color has-text-color has-background\"><em>Zorganizowali\u015bmy kuchni\u0119, w kt\u00f3rej mo\u017cemy nakarmi\u0107 od 50 do 100 os\u00f3b dziennie. Ale uchod\u017acy otrzymuj\u0105 te\u017c inne niezb\u0119dne rzeczy. Otrzymujemy je od gminy, od rz\u0105du, ale tak\u017ce od darczy\u0144c\u00f3w i pomocy z zagranicy.<\/em> &#8211; m\u00f3wi Vasyl Savka.<\/p>\n\n\n\n<p>Dzie\u0142o Kolpinga na Ukrainie organizuje r\u00f3wnie\u017c dla os\u00f3b przyby\u0142ych z ostrzeliwanych teren\u00f3w miejsca noclegowe czy wsparcie medyczne. <\/p>\n\n\n\n<figure class=\"wp-block-gallery has-nested-images columns-default is-cropped wp-block-gallery-2 is-layout-flex wp-block-gallery-is-layout-flex\">\n<figure class=\"wp-block-image size-full\"><img loading=\"lazy\" decoding=\"async\" width=\"952\" height=\"1009\" data-id=\"3490\" src=\"https:\/\/ukraina.kolping.pl\/wp-content\/uploads\/2022\/11\/313115989_470724698228029_8240689323590603111_n-1-1.jpg\" alt=\"\" class=\"wp-image-3490\" srcset=\"https:\/\/ukraina.kolping.pl\/wp-content\/uploads\/2022\/11\/313115989_470724698228029_8240689323590603111_n-1-1.jpg 952w, https:\/\/ukraina.kolping.pl\/wp-content\/uploads\/2022\/11\/313115989_470724698228029_8240689323590603111_n-1-1-283x300.jpg 283w, https:\/\/ukraina.kolping.pl\/wp-content\/uploads\/2022\/11\/313115989_470724698228029_8240689323590603111_n-1-1-768x814.jpg 768w\" sizes=\"auto, (max-width: 952px) 100vw, 952px\" \/><\/figure>\n\n\n\n<figure class=\"wp-block-image size-large\"><img loading=\"lazy\" decoding=\"async\" width=\"1024\" height=\"768\" data-id=\"2523\" src=\"https:\/\/ukraina.kolping.pl\/wp-content\/uploads\/2022\/03\/0-02-05-50c92aa7a4f152776518d085280340a69aebaae2ed00af3ce348a260d46d0e88_fcd6b3c14bb85044-1024x768.jpg\" alt=\"\" class=\"wp-image-2523\" srcset=\"https:\/\/ukraina.kolping.pl\/wp-content\/uploads\/2022\/03\/0-02-05-50c92aa7a4f152776518d085280340a69aebaae2ed00af3ce348a260d46d0e88_fcd6b3c14bb85044-1024x768.jpg 1024w, https:\/\/ukraina.kolping.pl\/wp-content\/uploads\/2022\/03\/0-02-05-50c92aa7a4f152776518d085280340a69aebaae2ed00af3ce348a260d46d0e88_fcd6b3c14bb85044-300x225.jpg 300w, https:\/\/ukraina.kolping.pl\/wp-content\/uploads\/2022\/03\/0-02-05-50c92aa7a4f152776518d085280340a69aebaae2ed00af3ce348a260d46d0e88_fcd6b3c14bb85044-768x576.jpg 768w, https:\/\/ukraina.kolping.pl\/wp-content\/uploads\/2022\/03\/0-02-05-50c92aa7a4f152776518d085280340a69aebaae2ed00af3ce348a260d46d0e88_fcd6b3c14bb85044-1536x1152.jpg 1536w, https:\/\/ukraina.kolping.pl\/wp-content\/uploads\/2022\/03\/0-02-05-50c92aa7a4f152776518d085280340a69aebaae2ed00af3ce348a260d46d0e88_fcd6b3c14bb85044.jpg 1600w\" sizes=\"auto, (max-width: 1024px) 100vw, 1024px\" \/><\/figure>\n\n\n\n<figure class=\"wp-block-image size-large\"><img loading=\"lazy\" decoding=\"async\" width=\"1024\" height=\"768\" data-id=\"2528\" src=\"https:\/\/ukraina.kolping.pl\/wp-content\/uploads\/2022\/03\/Uzhgorod-1-1024x768.jpg\" alt=\"\" class=\"wp-image-2528\" srcset=\"https:\/\/ukraina.kolping.pl\/wp-content\/uploads\/2022\/03\/Uzhgorod-1-1024x768.jpg 1024w, https:\/\/ukraina.kolping.pl\/wp-content\/uploads\/2022\/03\/Uzhgorod-1-300x225.jpg 300w, https:\/\/ukraina.kolping.pl\/wp-content\/uploads\/2022\/03\/Uzhgorod-1-768x576.jpg 768w, https:\/\/ukraina.kolping.pl\/wp-content\/uploads\/2022\/03\/Uzhgorod-1.jpg 1280w\" sizes=\"auto, (max-width: 1024px) 100vw, 1024px\" \/><\/figure>\n<\/figure>\n\n\n\n<p><\/p>\n\n\n\n<p><\/p>\n\n\n\n<p>.<\/p>\n\n\n\n<h2 class=\"wp-block-heading\">Jak Dzie\u0142o Kolpinga pomaga w czasie wojny? (ang. napisy):<\/h2>\n\n\n\n<figure class=\"wp-block-embed is-type-video is-provider-youtube wp-block-embed-youtube wp-embed-aspect-16-9 wp-has-aspect-ratio\"><div class=\"wp-block-embed__wrapper\">\n<iframe loading=\"lazy\" title=\"More than 400 free meals a day for Ukrainian refugees. Power of Ukrainian volonteers.ENG subs\" width=\"800\" height=\"450\" src=\"https:\/\/www.youtube.com\/embed\/AJFlebrJRl4?feature=oembed\" frameborder=\"0\" allow=\"accelerometer; autoplay; clipboard-write; encrypted-media; gyroscope; picture-in-picture\" allowfullscreen><\/iframe>\n<\/div><\/figure>\n\n\n\n<p class=\"has-black-color has-luminous-vivid-amber-background-color has-text-color has-background\">Kolping Ukraina organizuje pomoc na miejscu. My mo\u017cemy ich wesprze\u0107 i przekaza\u0107 najpotrzebniejsze rzeczy, aby pomoc by\u0142a jak najbardziej efektywna!<\/p>\n\n\n\n<div class=\"wp-block-buttons is-layout-flex wp-block-buttons-is-layout-flex\">\n<div class=\"wp-block-button aligncenter\"><a class=\"wp-block-button__link has-vivid-cyan-blue-color has-luminous-vivid-amber-background-color has-text-color has-background wp-element-button\" href=\"https:\/\/ukraina.kolping.pl\/index.php\/wplac\/\">WP\u0141ACAM<\/a><\/div>\n<\/div>\n\n\n\n<figure class=\"wp-block-gallery has-nested-images columns-default is-cropped wp-block-gallery-3 is-layout-flex wp-block-gallery-is-layout-flex\">\n<figure class=\"wp-block-image size-large\"><img loading=\"lazy\" decoding=\"async\" width=\"1024\" height=\"682\" data-id=\"2943\" src=\"https:\/\/ukraina.kolping.pl\/wp-content\/uploads\/2022\/03\/275732555_655718819013773_1265689341482346803_n-1-1024x682.jpg\" alt=\"\" class=\"wp-image-2943\" srcset=\"https:\/\/ukraina.kolping.pl\/wp-content\/uploads\/2022\/03\/275732555_655718819013773_1265689341482346803_n-1-1024x682.jpg 1024w, https:\/\/ukraina.kolping.pl\/wp-content\/uploads\/2022\/03\/275732555_655718819013773_1265689341482346803_n-1-300x200.jpg 300w, https:\/\/ukraina.kolping.pl\/wp-content\/uploads\/2022\/03\/275732555_655718819013773_1265689341482346803_n-1-768x512.jpg 768w, https:\/\/ukraina.kolping.pl\/wp-content\/uploads\/2022\/03\/275732555_655718819013773_1265689341482346803_n-1-1536x1023.jpg 1536w, https:\/\/ukraina.kolping.pl\/wp-content\/uploads\/2022\/03\/275732555_655718819013773_1265689341482346803_n-1.jpg 1600w\" sizes=\"auto, (max-width: 1024px) 100vw, 1024px\" \/><figcaption class=\"wp-element-caption\">Przed wojn\u0105 Kolping Ukraina wita\u0142 chlebem i sol\u0105.<\/figcaption><\/figure>\n\n\n\n<figure class=\"wp-block-image size-large\"><img loading=\"lazy\" decoding=\"async\" width=\"576\" height=\"1024\" data-id=\"2537\" src=\"https:\/\/ukraina.kolping.pl\/wp-content\/uploads\/2022\/03\/274923821_353053486729242_817088274065053825_n-1-576x1024.jpg\" alt=\"\" class=\"wp-image-2537\" srcset=\"https:\/\/ukraina.kolping.pl\/wp-content\/uploads\/2022\/03\/274923821_353053486729242_817088274065053825_n-1-576x1024.jpg 576w, https:\/\/ukraina.kolping.pl\/wp-content\/uploads\/2022\/03\/274923821_353053486729242_817088274065053825_n-1-169x300.jpg 169w, https:\/\/ukraina.kolping.pl\/wp-content\/uploads\/2022\/03\/274923821_353053486729242_817088274065053825_n-1.jpg 720w\" sizes=\"auto, (max-width: 576px) 100vw, 576px\" \/><figcaption class=\"wp-element-caption\">Dzi\u015b dyrektor Kolpinga Ukraina przygotowuje wsparcie dla walcz\u0105cych i uchod\u017ac\u00f3w.<\/figcaption><\/figure>\n\n\n\n<figure class=\"wp-block-image size-large\"><img loading=\"lazy\" decoding=\"async\" width=\"614\" height=\"1024\" data-id=\"3246\" src=\"https:\/\/ukraina.kolping.pl\/wp-content\/uploads\/2022\/04\/278131145_5344692292220666_7123503249457564324_n-614x1024.jpg\" alt=\"\" class=\"wp-image-3246\" srcset=\"https:\/\/ukraina.kolping.pl\/wp-content\/uploads\/2022\/04\/278131145_5344692292220666_7123503249457564324_n-614x1024.jpg 614w, https:\/\/ukraina.kolping.pl\/wp-content\/uploads\/2022\/04\/278131145_5344692292220666_7123503249457564324_n-180x300.jpg 180w, https:\/\/ukraina.kolping.pl\/wp-content\/uploads\/2022\/04\/278131145_5344692292220666_7123503249457564324_n-768x1280.jpg 768w, https:\/\/ukraina.kolping.pl\/wp-content\/uploads\/2022\/04\/278131145_5344692292220666_7123503249457564324_n-922x1536.jpg 922w, https:\/\/ukraina.kolping.pl\/wp-content\/uploads\/2022\/04\/278131145_5344692292220666_7123503249457564324_n.jpg 960w\" sizes=\"auto, (max-width: 614px) 100vw, 614px\" \/><figcaption class=\"wp-element-caption\">Dary przekazywane s\u0105 do miejsc w ca\u0142ym kraju.<\/figcaption><\/figure>\n<\/figure>\n\n\n\n<p>Cz\u0142onkowie Kolpinga postanowili pozosta\u0107 w kraju, by nie\u015b\u0107 pomoc ofiarom wojny.<\/p>\n\n\n\n<p class=\"has-black-color has-luminous-vivid-amber-background-color has-text-color has-background\"><em>Na pewno zostan\u0119 w swoim kraju. &#8211; <\/em>m\u00f3wi dyrektor<em> <\/em>Dzie\u0142a Kolpinga na Ukrainie &#8211;<em> B\u0119d\u0119 broni\u0142 swojego kraju, jak tylko b\u0119d\u0119 m\u00f3g\u0142. Jednak patrz\u0119 w przysz\u0142o\u015b\u0107 z nadziej\u0105. Mam wielk\u0105 nadziej\u0119, \u017ce cywilizowanemu \u015bwiatu uda si\u0119 powstrzyma\u0107 Putina i jego armi\u0119. Mam nadziej\u0119, \u017ce horror na Ukrainie si\u0119 sko\u0144czy, a nasz spokojny kraj, kt\u00f3ry nie sprowokowa\u0142 tej agresji i na ni\u0105 nie zas\u0142u\u017cy\u0142, b\u0119dzie m\u00f3g\u0142 dalej budowa\u0107 swoj\u0105 przysz\u0142o\u015b\u0107. Zostaj\u0119 na Ukrainie. Broni\u0119 swojego kraju. I tak w\u0142a\u015bnie widz\u0119 przysz\u0142o\u015b\u0107.<\/em><\/p>\n\n\n\n<p><\/p>\n\n\n\n<h2 class=\"wp-block-heading\">Film o dzia\u0142alno\u015bci Kolpinga na Ukrainie <br>przed 24.02.2022r.:<\/h2>\n\n\n\n<p><\/p>\n\n\n\n<figure class=\"wp-block-embed is-type-video is-provider-youtube wp-block-embed-youtube wp-embed-aspect-16-9 wp-has-aspect-ratio\"><div class=\"wp-block-embed__wrapper\">\n<iframe loading=\"lazy\" title=\"Kolping Ukraina\" width=\"800\" height=\"450\" src=\"https:\/\/www.youtube.com\/embed\/b4G-f5VpYb8?feature=oembed\" frameborder=\"0\" allow=\"accelerometer; autoplay; clipboard-write; encrypted-media; gyroscope; picture-in-picture\" allowfullscreen><\/iframe>\n<\/div><\/figure>\n","protected":false},"excerpt":{"rendered":"<p>Dzie\u0142o Kolpinga na Ukrainie to chrze\u015bcija\u0144sko-spo\u0142eczna organizacja pozarz\u0105dowa. Organizacja powsta\u0142a we wrze\u015bniu 2001 roku; ma 19 oddzia\u0142\u00f3w i 600 cz\u0142onk\u00f3w dzia\u0142aj\u0105cych w 9 obwodach Ukrainy: Czerniowieckim, Iwano-Frankowskim, Lwowskim, Winnickim, Zakarpackim, &#8230;<\/p>\n","protected":false},"author":3,"featured_media":2443,"parent":0,"menu_order":0,"comment_status":"closed","ping_status":"closed","template":"template-fullwidth.php","meta":{"give_campaign_id":0,"footnotes":""},"class_list":["post-1811","page","type-page","status-publish","has-post-thumbnail","hentry"],"campaignId":"","_links":{"self":[{"href":"https:\/\/ukraina.kolping.pl\/index.php\/wp-json\/wp\/v2\/pages\/1811","targetHints":{"allow":["GET"]}}],"collection":[{"href":"https:\/\/ukraina.kolping.pl\/index.php\/wp-json\/wp\/v2\/pages"}],"about":[{"href":"https:\/\/ukraina.kolping.pl\/index.php\/wp-json\/wp\/v2\/types\/page"}],"author":[{"embeddable":true,"href":"https:\/\/ukraina.kolping.pl\/index.php\/wp-json\/wp\/v2\/users\/3"}],"replies":[{"embeddable":true,"href":"https:\/\/ukraina.kolping.pl\/index.php\/wp-json\/wp\/v2\/comments?post=1811"}],"version-history":[{"count":45,"href":"https:\/\/ukraina.kolping.pl\/index.php\/wp-json\/wp\/v2\/pages\/1811\/revisions"}],"predecessor-version":[{"id":3639,"href":"https:\/\/ukraina.kolping.pl\/index.php\/wp-json\/wp\/v2\/pages\/1811\/revisions\/3639"}],"wp:featuredmedia":[{"embeddable":true,"href":"https:\/\/ukraina.kolping.pl\/index.php\/wp-json\/wp\/v2\/media\/2443"}],"wp:attachment":[{"href":"https:\/\/ukraina.kolping.pl\/index.php\/wp-json\/wp\/v2\/media?parent=1811"}],"curies":[{"name":"wp","href":"https:\/\/api.w.org\/{rel}","templated":true}]}}