{"id":1807,"date":"2020-05-12T15:53:08","date_gmt":"2020-05-12T15:53:08","guid":{"rendered":"https:\/\/honduras.kolping.pl\/?page_id=1807"},"modified":"2024-01-18T12:01:36","modified_gmt":"2024-01-18T12:01:36","slug":"kolping-polska","status":"publish","type":"page","link":"https:\/\/ukraina.kolping.pl\/index.php\/kolping-polska\/","title":{"rendered":"Kolping Polska"},"content":{"rendered":"\n<figure class=\"wp-block-image size-large\"><img loading=\"lazy\" decoding=\"async\" width=\"1024\" height=\"490\" src=\"https:\/\/ukraina.kolping.pl\/wp-content\/uploads\/2022\/03\/zespol-scaled-1-1024x490.jpg\" alt=\"\" class=\"wp-image-2510\" srcset=\"https:\/\/ukraina.kolping.pl\/wp-content\/uploads\/2022\/03\/zespol-scaled-1-1024x490.jpg 1024w, https:\/\/ukraina.kolping.pl\/wp-content\/uploads\/2022\/03\/zespol-scaled-1-300x143.jpg 300w, https:\/\/ukraina.kolping.pl\/wp-content\/uploads\/2022\/03\/zespol-scaled-1-768x367.jpg 768w, https:\/\/ukraina.kolping.pl\/wp-content\/uploads\/2022\/03\/zespol-scaled-1-1536x734.jpg 1536w, https:\/\/ukraina.kolping.pl\/wp-content\/uploads\/2022\/03\/zespol-scaled-1-2048x979.jpg 2048w\" sizes=\"auto, (max-width: 1024px) 100vw, 1024px\" \/><\/figure>\n\n\n\n<p><\/p>\n\n\n\n<p>G\u0142\u00f3wne dzia\u0142ania KOLPING Polska to aktywizacja zawodowa, przeciwdzia\u0142anie wykluczeniu os\u00f3b starszych oraz wsparcie w rozwoju lider\u00f3w i organizacji obywatelskich. Zrzeszamy lokalne stowarzyszenia zwane Rodzinami Kolpinga. Od wielu lat pomagamy nie tylko w Polsce, ale r\u00f3wnie\u017c poza granicami kraju.<\/p>\n\n\n\n<p class=\"has-black-color has-luminous-vivid-amber-background-color has-text-color has-background\">Dzia\u0142amy w \u015bcis\u0142ej wsp\u00f3\u0142pracy z naszymi kolpingowskimi organizacjami partnerskimi na ca\u0142ym \u015bwiecie. W przesz\u0142o\u015bci realizowali\u015bmy projekty r\u00f3wnie\u017c z Dzie\u0142em Kolpinga na Ukrainie. By\u0142y to g\u0142\u00f3wnie inicjatywy wzmacniaj\u0105ce organizacje pozarz\u0105dowe i Uniwersy Trzeciego Wieku jako partnera ukrai\u0144skiego dialogu spo\u0142ecznego z w\u0142adzami lokalnymi.<\/p>\n\n\n\n<p>W 2007 roku powo\u0142ali\u015bmy do \u017cycia <strong>Fundacj\u0119 Dzie\u0142a Kolpinga w Polsce<\/strong>, kt\u00f3rej celem jest edukacja ekologiczna oraz pomoc rozwojowa.<\/p>\n\n\n\n<p>Fundacja Dzie\u0142a Kolpinga ma na  koncie wiele mi\u0119dzynarodowych projekt\u00f3w oraz akcje pomocowe na rzecz Ugandy i Hondurasu. Dzi\u015b, g\u0142\u0119boko wstrz\u0105\u015bni\u0119ci sytuacj\u0105 na Ukrainie ruszamy ze zbi\u00f3rk\u0105 finansow\u0105 pod nazw\u0105 &#8222;Solidarni z Ukrain\u0105&#8221;.<\/p>\n\n\n\n<p class=\"has-black-color has-luminous-vivid-amber-background-color has-text-color has-background\"><strong>Wybrane akcje pomocowe Fundacji:<\/strong><\/p>\n\n\n\n<div class=\"wp-block-media-text alignwide is-stacked-on-mobile\" style=\"grid-template-columns:43% auto\"><figure class=\"wp-block-media-text__media\"><img loading=\"lazy\" decoding=\"async\" width=\"774\" height=\"518\" src=\"https:\/\/ukraina.kolping.pl\/wp-content\/uploads\/2020\/05\/DSC_0432.jpg\" alt=\"\" class=\"wp-image-2006 size-full\" srcset=\"https:\/\/ukraina.kolping.pl\/wp-content\/uploads\/2020\/05\/DSC_0432.jpg 774w, https:\/\/ukraina.kolping.pl\/wp-content\/uploads\/2020\/05\/DSC_0432-300x201.jpg 300w, https:\/\/ukraina.kolping.pl\/wp-content\/uploads\/2020\/05\/DSC_0432-768x514.jpg 768w\" sizes=\"auto, (max-width: 774px) 100vw, 774px\" \/><\/figure><div class=\"wp-block-media-text__content\">\n<p class=\"has-luminous-vivid-orange-color has-text-color\">WIADERKO PR\u0104DU<\/p>\n\n\n\n<p style=\"text-transform:uppercase\">Akcja zosta\u0142a zrealizowana w 2016 roku pod has\u0142em WIADERKO PR\u0104DU. Za zebrane dzi\u0119ki akcji pieni\u0105dze, zakupione zosta\u0142y panele s\u0142oneczne, kt\u00f3re zamontowano w ma\u0142ych ugandyjskich miejscowo\u015bciach w dystryktach Jinja, Kibale, Hoima, Kasese, Arua, Kabale i Lira. Fundacja Dzie\u0142a Kolpinga w Polsce dzia\u0142a\u0142a w partnerstwie z kolpingowsk\u0105 organizacj\u0105 z Ugandy, kt\u00f3ra odpowiedzialna by\u0142a za dzia\u0142ania na miejscu.<\/p>\n\n\n\n<p><\/p>\n<\/div><\/div>\n\n\n\n<div class=\"wp-block-media-text alignwide is-stacked-on-mobile\" style=\"grid-template-columns:43% auto\"><figure class=\"wp-block-media-text__media\"><img loading=\"lazy\" decoding=\"async\" width=\"940\" height=\"788\" src=\"https:\/\/ukraina.kolping.pl\/wp-content\/uploads\/2021\/04\/Honduras-1.jpg\" alt=\"\" class=\"wp-image-2245 size-full\" srcset=\"https:\/\/ukraina.kolping.pl\/wp-content\/uploads\/2021\/04\/Honduras-1.jpg 940w, https:\/\/ukraina.kolping.pl\/wp-content\/uploads\/2021\/04\/Honduras-1-300x251.jpg 300w, https:\/\/ukraina.kolping.pl\/wp-content\/uploads\/2021\/04\/Honduras-1-768x644.jpg 768w\" sizes=\"auto, (max-width: 940px) 100vw, 940px\" \/><\/figure><div class=\"wp-block-media-text__content\">\n<p class=\"has-luminous-vivid-orange-color has-text-color\">RAZEM DLA HONDURASU<\/p>\n\n\n\n<p style=\"text-transform:uppercase\"> W ramach akcji RAZEM DO HONDURASU zrealizowanej w 2020 roku zebrali\u015bmy \u015brodki finansowe na zakup \u017cywno\u015bci i artyku\u0142\u00f3w higienicznych dla rodzin w Hondurasie najbardziej poszkodowanych podczas epidemii koronawirusa i dengi.<\/p>\n<\/div><\/div>\n\n\n\n<p><\/p>\n\n\n\n<p>Chcesz wiedzie\u0107 wi\u0119cej? Zapraszamy na stron\u0119 internetow\u0105 KOLPING Polska &#8211; <a href=\"https:\/\/kolping.pl\/\" target=\"_blank\" rel=\"noreferrer noopener\">www.kolping.pl<\/a> oraz Fundacji Dzie\u0142a Kolpinga w Polsce &#8211; <a href=\"http:\/\/www.fundacja.kolping.pl\/\" data-type=\"URL\" data-id=\"http:\/\/www.fundacja.kolping.pl\/\">fundacja.kolping.pl<\/a><\/p>\n\n\n\n<p><\/p>\n\n\n\n<p><\/p>\n\n\n\n<p class=\"has-text-align-center\">Organizator zbi\u00f3rki:<\/p>\n\n\n\n<p class=\"has-text-align-center\"><strong>Fundacja Dzie\u0142a Kolpinga w Polsce<\/strong><\/p>\n\n\n\n<p class=\"has-text-align-center\">ul. \u017bu\u0142owska 51, 31-436 Krak\u00f3w<\/p>\n\n\n\n<p class=\"has-text-align-center\">TEL. 12&nbsp;418 77 70<\/p>\n\n\n\n<p class=\"has-text-align-center\">NR KRS 0000286578<\/p>\n\n\n\n<p class=\"has-text-align-center\">NIP&nbsp; 9452110111<\/p>\n\n\n\n<p class=\"has-text-align-center\">REGON 120589913<\/p>\n\n\n\n<p><\/p>\n\n\n\n<p><\/p>\n","protected":false},"excerpt":{"rendered":"<p>G\u0142\u00f3wne dzia\u0142ania KOLPING Polska to aktywizacja zawodowa, przeciwdzia\u0142anie wykluczeniu os\u00f3b starszych oraz wsparcie w rozwoju lider\u00f3w i organizacji obywatelskich. Zrzeszamy lokalne stowarzyszenia zwane Rodzinami Kolpinga. Od wielu lat pomagamy nie &#8230;<\/p>\n","protected":false},"author":3,"featured_media":3937,"parent":0,"menu_order":0,"comment_status":"closed","ping_status":"closed","template":"template-fullwidth.php","meta":{"give_campaign_id":0,"footnotes":""},"class_list":["post-1807","page","type-page","status-publish","has-post-thumbnail","hentry"],"campaignId":"","_links":{"self":[{"href":"https:\/\/ukraina.kolping.pl\/index.php\/wp-json\/wp\/v2\/pages\/1807","targetHints":{"allow":["GET"]}}],"collection":[{"href":"https:\/\/ukraina.kolping.pl\/index.php\/wp-json\/wp\/v2\/pages"}],"about":[{"href":"https:\/\/ukraina.kolping.pl\/index.php\/wp-json\/wp\/v2\/types\/page"}],"author":[{"embeddable":true,"href":"https:\/\/ukraina.kolping.pl\/index.php\/wp-json\/wp\/v2\/users\/3"}],"replies":[{"embeddable":true,"href":"https:\/\/ukraina.kolping.pl\/index.php\/wp-json\/wp\/v2\/comments?post=1807"}],"version-history":[{"count":60,"href":"https:\/\/ukraina.kolping.pl\/index.php\/wp-json\/wp\/v2\/pages\/1807\/revisions"}],"predecessor-version":[{"id":3922,"href":"https:\/\/ukraina.kolping.pl\/index.php\/wp-json\/wp\/v2\/pages\/1807\/revisions\/3922"}],"wp:featuredmedia":[{"embeddable":true,"href":"https:\/\/ukraina.kolping.pl\/index.php\/wp-json\/wp\/v2\/media\/3937"}],"wp:attachment":[{"href":"https:\/\/ukraina.kolping.pl\/index.php\/wp-json\/wp\/v2\/media?parent=1807"}],"curies":[{"name":"wp","href":"https:\/\/api.w.org\/{rel}","templated":true}]}}