{"id":1649,"date":"2020-05-11T15:18:47","date_gmt":"2020-05-11T15:18:47","guid":{"rendered":"https:\/\/honduras.kolping.pl\/?page_id=1649"},"modified":"2022-04-28T12:00:05","modified_gmt":"2022-04-28T12:00:05","slug":"wplac","status":"publish","type":"page","link":"https:\/\/ukraina.kolping.pl\/index.php\/wplac\/","title":{"rendered":"Wp\u0142a\u0107"},"content":{"rendered":"\n<p><\/p>\n\n\n\n<div class=\"wp-block-image\"><figure class=\"aligncenter size-medium\"><img loading=\"lazy\" decoding=\"async\" width=\"300\" height=\"200\" src=\"https:\/\/ukraina.kolping.pl\/wp-content\/uploads\/2022\/04\/277784622_2165009930318733_7997866397040998811_n-300x200.jpg\" alt=\"\" class=\"wp-image-3142\" srcset=\"https:\/\/ukraina.kolping.pl\/wp-content\/uploads\/2022\/04\/277784622_2165009930318733_7997866397040998811_n-300x200.jpg 300w, https:\/\/ukraina.kolping.pl\/wp-content\/uploads\/2022\/04\/277784622_2165009930318733_7997866397040998811_n-1024x683.jpg 1024w, https:\/\/ukraina.kolping.pl\/wp-content\/uploads\/2022\/04\/277784622_2165009930318733_7997866397040998811_n-768x512.jpg 768w, https:\/\/ukraina.kolping.pl\/wp-content\/uploads\/2022\/04\/277784622_2165009930318733_7997866397040998811_n-1536x1024.jpg 1536w, https:\/\/ukraina.kolping.pl\/wp-content\/uploads\/2022\/04\/277784622_2165009930318733_7997866397040998811_n.jpg 2048w\" sizes=\"auto, (max-width: 300px) 100vw, 300px\" \/><\/figure><\/div>\n\n\n\n<p><\/p>\n\n\n\n<h3 class=\"has-text-align-center has-vivid-cyan-blue-color has-text-color wp-block-heading\">.<\/h3>\n\n\n\n<h3 class=\"has-text-align-center has-black-color has-text-color wp-block-heading\">WP\u0141A\u0106 PRZEZ SZYBKI PRZELEW ON-LINE: <\/h3>\n\n\n\n<p>.<\/p>\n\n\n\n<p><\/p>\n\n\n\n<p><\/p>\n\n\n\n<div class=\"wp-block-buttons is-content-justification-space-between is-layout-flex wp-container-core-buttons-is-layout-3d213aab wp-block-buttons-is-layout-flex\"><\/div>\n\n\n\n<div class=\"wp-block-buttons is-content-justification-center is-layout-flex wp-container-core-buttons-is-layout-16018d1d wp-block-buttons-is-layout-flex\">\n<div class=\"wp-block-button has-custom-font-size has-medium-font-size\"><a class=\"wp-block-button__link has-vivid-cyan-blue-color has-luminous-vivid-amber-background-color has-text-color has-background\" href=\"https:\/\/ssl.dotpay.pl\/t2\/?pid=a8n4atnqhxfmbr9n2jph8qslhfcl7ibc\" target=\"_blank\" rel=\"noreferrer noopener\">WP\u0141ACAM 50 PLN<\/a><\/div>\n\n\n\n<div class=\"wp-block-button has-custom-font-size has-medium-font-size\"><a class=\"wp-block-button__link has-vivid-cyan-blue-color has-luminous-vivid-amber-background-color has-text-color has-background\" href=\"https:\/\/ssl.dotpay.pl\/t2\/?pid=ma7h7fx2lk5l0m7uu8xm8upakp3hebc9\" target=\"_blank\" rel=\"noreferrer noopener\">WP\u0141ACAM 100 PLN<\/a><\/div>\n\n\n\n<div class=\"wp-block-button has-custom-font-size has-medium-font-size\"><a class=\"wp-block-button__link has-vivid-cyan-blue-color has-luminous-vivid-amber-background-color has-text-color has-background\" href=\"https:\/\/ssl.dotpay.pl\/t2\/?pid=49jfci9cz676gfvmrq9v5k1x2i0altrm\" target=\"_blank\" rel=\"noreferrer noopener\">WP\u0141ACAM 200 PLN<\/a><\/div>\n\n\n\n<div class=\"wp-block-button has-custom-font-size has-medium-font-size\"><a class=\"wp-block-button__link has-vivid-cyan-blue-color has-luminous-vivid-amber-background-color has-text-color has-background\" href=\"https:\/\/ssl.dotpay.pl\/t2\/?pid=5f1db6bgn8ntfqyd912zpjtgl2ldbze1\" target=\"_blank\" rel=\"noreferrer noopener\">WP\u0141ACAM 500 PLN<\/a><\/div>\n<\/div>\n\n\n\n<p><\/p>\n\n\n\n<p>.<\/p>\n\n\n\n<p><\/p>\n\n\n\n<h3 class=\"has-text-align-center has-black-color has-text-color wp-block-heading\">LUB ZR\u00d3B PRZELEW BANKOWY NA KONTO AKCJI:<\/h3>\n\n\n\n<p>.<\/p>\n\n\n\n<h5 class=\"has-luminous-vivid-orange-color has-text-color wp-block-heading\"><\/h5>\n\n\n\n<p class=\"has-text-align-center has-black-color has-luminous-vivid-amber-background-color has-text-color has-background\">Numer konta: <strong>90 1050 1445 1000 0090 8058 4361<\/strong><br><br>Fundacja Dzie\u0142a Kolpinga w Polsce<br>ul. \u017bu\u0142owska 51, 31-436 Krak\u00f3w<br><br><strong>Tytu\u0142: Solidarni z Ukrain\u0105.<\/strong><\/p>\n\n\n\n<p><\/p>\n\n\n\n<p><em>Prosimy o podanie w tytule wp\u0142aty swojego adresu e-mail. B\u0119dziemy mogli przes\u0142a\u0107 Ci podzi\u0119kowanie za Twoj\u0105 pomoc. Pami\u0119taj \u2013 ka\u017cd\u0105 wp\u0142acon\u0105 darowizn\u0119 mo\u017cesz odliczy\u0107 od dochodu przed opodatkowaniem!<\/em><\/p>\n\n\n\n<figure class=\"wp-block-image size-large is-resized\"><img loading=\"lazy\" decoding=\"async\" src=\"https:\/\/ukraina.kolping.pl\/wp-content\/uploads\/2020\/07\/channel_logos2.png\" alt=\"\" class=\"wp-image-2162\" width=\"876\" height=\"86\"\/><\/figure>\n\n\n\n<p><\/p>\n\n\n\n<p class=\"has-text-align-center\">Bezpieczne wp\u0142aty darowizn online naszej stronie zrealizujesz za po\u015brednictwem DotPay: <\/p>\n\n\n\n<p>Informujemy, \u017ce wp\u0142aty darowizn realizowane za po\u015brednictwem powy\u017cszych odno\u015bnik\u00f3w realizuje serwis Dotpay. Fundacj\u0105 Dzie\u0142a Kolpinga w Polsce&nbsp;nie przechowuje \u017cadnych danych\/informacji (ani osobowych ani finansowych) na temat wp\u0142at realizowanych przez Dotpay.<\/p>\n\n\n\n<p>Oznacza to w szczeg\u00f3lno\u015bci, \u017ce w celu otrzymania potwierdzenia przekazania darowizny dla Fundacji Dzie\u0142a Kolpinga w Polsce sugerujemy wykonanie przelewu bezpo\u015brednio na&nbsp;nasze konto przelewem tradycyjnym<\/p>\n\n\n\n<p><a href=\"https:\/\/ukraina.kolping.pl\/wp-content\/uploads\/2020\/06\/regulamin_dotpay.pdf\">Regulamin DotPay<\/a><br><a href=\"https:\/\/ukraina.kolping.pl\/wp-content\/uploads\/2020\/06\/Polityka-prywatno%C5%9Bci-strona-za%C5%82.-nr1.pdf\">Polityka prywatno\u015bci<\/a><br><a href=\"https:\/\/ukraina.kolping.pl\/wp-content\/uploads\/2020\/06\/Regulamin-portalu.pdf\">Regulamin portalu<\/a><\/p>\n\n\n\n<div class=\"wp-block-image\"><figure class=\"aligncenter size-full\"><img loading=\"lazy\" decoding=\"async\" width=\"833\" height=\"367\" src=\"https:\/\/ukraina.kolping.pl\/wp-content\/uploads\/2022\/03\/Kolping_Solidarni_UA_MALE.png\" alt=\"\" class=\"wp-image-3040\" srcset=\"https:\/\/ukraina.kolping.pl\/wp-content\/uploads\/2022\/03\/Kolping_Solidarni_UA_MALE.png 833w, https:\/\/ukraina.kolping.pl\/wp-content\/uploads\/2022\/03\/Kolping_Solidarni_UA_MALE-300x132.png 300w, https:\/\/ukraina.kolping.pl\/wp-content\/uploads\/2022\/03\/Kolping_Solidarni_UA_MALE-768x338.png 768w\" sizes=\"auto, (max-width: 833px) 100vw, 833px\" \/><\/figure><\/div>\n","protected":false},"excerpt":{"rendered":"<p>. WP\u0141A\u0106 PRZEZ SZYBKI PRZELEW ON-LINE: . . LUB ZR\u00d3B PRZELEW BANKOWY NA KONTO AKCJI: . Numer konta: 90 1050 1445 1000 0090 8058 4361 Fundacja Dzie\u0142a Kolpinga w Polsceul. &#8230;<\/p>\n","protected":false},"author":3,"featured_media":0,"parent":0,"menu_order":0,"comment_status":"closed","ping_status":"closed","template":"template-fullwidth.php","meta":{"give_campaign_id":0,"footnotes":""},"class_list":["post-1649","page","type-page","status-publish","hentry"],"campaignId":"","_links":{"self":[{"href":"https:\/\/ukraina.kolping.pl\/index.php\/wp-json\/wp\/v2\/pages\/1649","targetHints":{"allow":["GET"]}}],"collection":[{"href":"https:\/\/ukraina.kolping.pl\/index.php\/wp-json\/wp\/v2\/pages"}],"about":[{"href":"https:\/\/ukraina.kolping.pl\/index.php\/wp-json\/wp\/v2\/types\/page"}],"author":[{"embeddable":true,"href":"https:\/\/ukraina.kolping.pl\/index.php\/wp-json\/wp\/v2\/users\/3"}],"replies":[{"embeddable":true,"href":"https:\/\/ukraina.kolping.pl\/index.php\/wp-json\/wp\/v2\/comments?post=1649"}],"version-history":[{"count":86,"href":"https:\/\/ukraina.kolping.pl\/index.php\/wp-json\/wp\/v2\/pages\/1649\/revisions"}],"predecessor-version":[{"id":3215,"href":"https:\/\/ukraina.kolping.pl\/index.php\/wp-json\/wp\/v2\/pages\/1649\/revisions\/3215"}],"wp:attachment":[{"href":"https:\/\/ukraina.kolping.pl\/index.php\/wp-json\/wp\/v2\/media?parent=1649"}],"curies":[{"name":"wp","href":"https:\/\/api.w.org\/{rel}","templated":true}]}}