{"id":1582,"date":"2020-05-11T12:45:19","date_gmt":"2020-05-11T12:45:19","guid":{"rendered":"https:\/\/honduras.kolping.pl\/?page_id=1582"},"modified":"2024-01-18T14:52:37","modified_gmt":"2024-01-18T14:52:37","slug":"sytuacja-uchodzcow","status":"publish","type":"page","link":"https:\/\/ukraina.kolping.pl\/index.php\/sytuacja-uchodzcow\/","title":{"rendered":"KOLPING"},"content":{"rendered":"\n<p>KOLPING to mi\u0119dzynarodowa organizacja, kt\u00f3r\u0105 \u0142\u0105czy posta\u0107 jej za\u0142o\u017cyciela i patrona b\u0142. ks. Adolpha Kolpinga oraz g\u0142oszona przez niego idea niesienia pomocy potrzebuj\u0105cym. Organizacja powsta\u0142a 170 lat temu, a dzi\u015b ogarnia ponad 60 kraj\u00f3w i gromadzi blisko 400 tysi\u0119cy zaanga\u017cowanych os\u00f3b na ca\u0142ym \u015bwiecie.<\/p>\n\n\n<div class=\"wp-block-image\">\n<figure class=\"aligncenter size-full is-resized\"><img loading=\"lazy\" decoding=\"async\" width=\"621\" height=\"340\" src=\"https:\/\/ukraina.kolping.pl\/wp-content\/uploads\/2022\/03\/map.png\" alt=\"\" class=\"wp-image-2948\" style=\"width:430px;height:235px\" srcset=\"https:\/\/ukraina.kolping.pl\/wp-content\/uploads\/2022\/03\/map.png 621w, https:\/\/ukraina.kolping.pl\/wp-content\/uploads\/2022\/03\/map-300x164.png 300w\" sizes=\"auto, (max-width: 621px) 100vw, 621px\" \/><\/figure>\n<\/div>\n\n\n<p>W Polsce jeste\u015bmy obecni ju\u017c od 30 lat, aktywnie dzia\u0142aj\u0105c na rzecz lokalnych \u015brodowisk, a w szczeg\u00f3lno\u015bci os\u00f3b najbardziej potrzebuj\u0105cych wsparcia \u2013 bezrobotnych, dzieci, m\u0142odzie\u017cy i senior\u00f3w.<\/p>\n\n\n\n<p>Od wielu lat pomagamy nie tylko w Polsce, ale r\u00f3wnie\u017c poza granicami kraju. Dzia\u0142amy w \u015bcis\u0142ej wsp\u00f3\u0142pracy z naszymi kolpingowskimi organizacjami partnerskimi. W przesz\u0142o\u015bci realizowali\u015bmy projekty r\u00f3wnie\u017c z Dzie\u0142em Kolpinga na Ukrainie. By\u0142y to g\u0142\u00f3wnie inicjatywy wzmacniaj\u0105ce organizacje pozarz\u0105dowe i Uniwersytety Trzeciego Wieku jako partnera ukrai\u0144skiego dialogu spo\u0142ecznego z w\u0142adzami lokalnymi. <\/p>\n\n\n\n<p class=\"has-black-color has-luminous-vivid-amber-background-color has-text-color has-background\">Cz\u0142onk\u00f3w Kolpinga na Ukrainie poznali\u015bmy jako solidnych i rzetelnych partner\u00f3w, dzia\u0142aj\u0105cych na rzecz swojego spo\u0142ecze\u0144stwa z pe\u0142nym zaanga\u017cowaniem i determinacj\u0105. Dzi\u015b kolejny raz upewnili\u015bmy si\u0119 jak wspaniali to ludzie. Mimo oferowanego im wsparcia w opuszczeniu okupowanej Ukrainy, cz\u0142onkowie Kolpinga postanowili pozosta\u0107 w kraju, by nie\u015b\u0107 pomoc ofiarom wojny. Musimy ich wesprze\u0107 w dzia\u0142aniach, bo potrzeby s\u0105 ogromne. <\/p>\n\n\n\n<p>.<\/p>\n\n\n\n<p><\/p>\n\n\n\n<div class=\"wp-block-buttons is-content-justification-center is-layout-flex wp-container-core-buttons-is-layout-16018d1d wp-block-buttons-is-layout-flex\">\n<div class=\"wp-block-button\"><a class=\"wp-block-button__link has-vivid-cyan-blue-color has-luminous-vivid-amber-background-color has-text-color has-background wp-element-button\" href=\"https:\/\/ukraina.kolping.pl\/index.php\/kolping-ukraina\/\">KOLPING UKRAINA czytaj wi\u0119cej&#8230;<\/a><\/div>\n\n\n\n<div class=\"wp-block-button\"><a class=\"wp-block-button__link has-white-color has-vivid-red-background-color has-text-color has-background wp-element-button\" href=\"https:\/\/ukraina.kolping.pl\/index.php\/kolping-polska\/\">KOLPING POLSKA czytaj wi\u0119cej<\/a><\/div>\n<\/div>\n\n\n\n<div class=\"wp-block-buttons is-layout-flex wp-block-buttons-is-layout-flex\"><\/div>\n\n\n\n<figure class=\"wp-block-gallery has-nested-images columns-default is-cropped wp-block-gallery-1 is-layout-flex wp-block-gallery-is-layout-flex\"><\/figure>\n","protected":false},"excerpt":{"rendered":"<p>KOLPING to mi\u0119dzynarodowa organizacja, kt\u00f3r\u0105 \u0142\u0105czy posta\u0107 jej za\u0142o\u017cyciela i patrona b\u0142. ks. Adolpha Kolpinga oraz g\u0142oszona przez niego idea niesienia pomocy potrzebuj\u0105cym. Organizacja powsta\u0142a 170 lat temu, a dzi\u015b &#8230;<\/p>\n","protected":false},"author":3,"featured_media":2023,"parent":0,"menu_order":0,"comment_status":"closed","ping_status":"closed","template":"template-fullwidth.php","meta":{"give_campaign_id":0,"footnotes":""},"class_list":["post-1582","page","type-page","status-publish","has-post-thumbnail","hentry"],"campaignId":"","_links":{"self":[{"href":"https:\/\/ukraina.kolping.pl\/index.php\/wp-json\/wp\/v2\/pages\/1582","targetHints":{"allow":["GET"]}}],"collection":[{"href":"https:\/\/ukraina.kolping.pl\/index.php\/wp-json\/wp\/v2\/pages"}],"about":[{"href":"https:\/\/ukraina.kolping.pl\/index.php\/wp-json\/wp\/v2\/types\/page"}],"author":[{"embeddable":true,"href":"https:\/\/ukraina.kolping.pl\/index.php\/wp-json\/wp\/v2\/users\/3"}],"replies":[{"embeddable":true,"href":"https:\/\/ukraina.kolping.pl\/index.php\/wp-json\/wp\/v2\/comments?post=1582"}],"version-history":[{"count":37,"href":"https:\/\/ukraina.kolping.pl\/index.php\/wp-json\/wp\/v2\/pages\/1582\/revisions"}],"predecessor-version":[{"id":3951,"href":"https:\/\/ukraina.kolping.pl\/index.php\/wp-json\/wp\/v2\/pages\/1582\/revisions\/3951"}],"wp:featuredmedia":[{"embeddable":true,"href":"https:\/\/ukraina.kolping.pl\/index.php\/wp-json\/wp\/v2\/media\/2023"}],"wp:attachment":[{"href":"https:\/\/ukraina.kolping.pl\/index.php\/wp-json\/wp\/v2\/media?parent=1582"}],"curies":[{"name":"wp","href":"https:\/\/api.w.org\/{rel}","templated":true}]}}